{"id":301,"date":"2023-01-07T17:02:59","date_gmt":"2023-01-07T17:02:59","guid":{"rendered":"https:\/\/skpvsetin.cz\/?page_id=301"},"modified":"2025-10-08T08:05:47","modified_gmt":"2025-10-08T08:05:47","slug":"mesmerize","status":"publish","type":"page","link":"https:\/\/skpvsetin.cz\/","title":{"rendered":"Front Page"},"content":{"rendered":"\n<p><\/p>\n\n\n\n<div class=\"wp-block-group\"><div class=\"wp-block-group__inner-container is-layout-constrained wp-block-group-is-layout-constrained\">\n<div class=\"wp-block-columns is-layout-flex wp-container-core-columns-is-layout-9d6595d7 wp-block-columns-is-layout-flex\">\n<div class=\"wp-block-column is-layout-flow wp-block-column-is-layout-flow\" style=\"flex-basis:100%\">\n<p style=\"font-size:18px\">     Hlavn\u00ed n\u00e1pln\u00ed Sportovn\u00edho klubu policie Vset\u00edn je zaji\u0161\u0165ov\u00e1n\u00ed sportovn\u00edch aktivit a rozvoj sportu policist\u016f, hasi\u010d\u016f a dal\u0161\u00edch sv\u00fdch \u010dlen\u016f na teritoriu okresu Vset\u00edn a pr\u00e1ce s ml\u00e1de\u017e\u00ed.<\/p>\n<\/div>\n<\/div>\n<\/div><\/div>\n\n\n\n<div class=\"wp-block-columns is-layout-flex wp-container-core-columns-is-layout-9d6595d7 wp-block-columns-is-layout-flex\">\n<div class=\"wp-block-column is-layout-flow wp-block-column-is-layout-flow\" style=\"flex-basis:100%\">\n<p>     Pod n\u00e1zvem Sportovn\u00ed klub policie Vset\u00edn byl spolek prvn\u011b zaregistrov\u00e1n u MV \u010cesk\u00e9 republiky ke dni 1.7.1991 jako pr\u00e1vn\u00ed pokra\u010dovatel p\u016fvodn\u00ed sportovn\u00ed organizace s n\u00e1zvem TJ Rud\u00e1 hv\u011bzda Vset\u00edn, kter\u00e1 ve Vset\u00edn\u011b p\u016fsobila od 7. srpna 1972.<\/p>\n<\/div>\n<\/div>\n\n\n\n<div class=\"wp-block-group\"><div class=\"wp-block-group__inner-container is-layout-constrained wp-block-group-is-layout-constrained\">\n<div class=\"wp-block-columns is-layout-flex wp-container-core-columns-is-layout-9d6595d7 wp-block-columns-is-layout-flex\">\n<div class=\"wp-block-column is-layout-flow wp-block-column-is-layout-flow\" style=\"flex-basis:50%\">\n<p>     V sou\u010dasn\u00e9 sdru\u017euje klub tyto odd\u00edly:<\/p>\n<\/div>\n<\/div>\n<\/div><\/div>\n\n\n\n<figure class=\"wp-block-table aligncenter is-style-stripes has-small-font-size\"><table><thead><tr><th><strong>Odd\u00edl<\/strong><\/th><th><strong>Kontaktn\u00ed osoba<\/strong><\/th><th><strong>Telefon<\/strong><\/th><th><strong>email<\/strong><\/th><th><a href=\"http:\/\/www.str\u00e1nky\"><span style=\"color: #000000;\"><strong>www.str\u00e1nky<\/strong><\/span><\/a><\/th><\/tr><\/thead><tbody><tr><td>odd\u00edl aikida<\/td><td>Bc. Roman Mach\u00e1lek<\/td><td>+420603789355<\/td><td>roman.machalek@aikidovsetin.cz<\/td><td><a href=\"http:\/\/www.aikidovsetin.cz\/\" target=\"_blank\" rel=\"noreferrer noopener\">www.aikidovsetin.cz<\/a><\/td><\/tr><tr><td>odd\u00edl brazilsk\u00e9ho jiu jitsu (Valachien gym)<\/td><td>Mgr. Jan Tich\u00fd<\/td><td>+420777162738<\/td><td>jantichy.san@email.cz<\/td><td><a href=\"http:\/\/www.valachiengym.cz\/\" target=\"_blank\" rel=\"noreferrer noopener\">www.valachiengym.cz<\/a><\/td><\/tr><tr><td>odd\u00edl Action Air IPSC Vset\u00edn<\/td><td>Zbyn\u011bk Kov\u00e1\u0159<\/td><td>+420725280116<\/td><td>ipscvsetin@gmail.com<\/td><td><a href=\"https:\/\/www.ipscvsetin.cz\/\" target=\"_blank\" rel=\"noreferrer noopener\">https:\/\/www.ipscvsetin.cz\/<\/a><\/td><\/tr><tr><td>odd\u00edl tradi\u010dn\u00edho karate<\/td><td>Mgr. Radek Kleibl<\/td><td>+420604740486<\/td><td>radek.kleibl@email.cz<\/td><td><a href=\"https:\/\/www.facebook.com\/SKPVsetin\">(1) T<\/a><a href=\"https:\/\/www.facebook.com\/SKPVsetin\" target=\"_blank\" rel=\"noreferrer noopener\">radi\u010dn\u00ed karate Vset\u00edn | Vset\u00edn | Facebook<\/a><\/td><\/tr><tr><td>odd\u00edl lukost\u0159elby<\/td><td>Ing. Josef Zv\u011b\u0159ina<\/td><td>+420724220283<\/td><td>zverina.josef@email.cz<\/td><td><a href=\"http:\/\/www.skpvsetin.estranky.cz\/\" target=\"_blank\" rel=\"noreferrer noopener\">http:\/\/www.skpvsetin.estranky.cz\/<\/a><\/td><\/tr><tr><td>odd\u00edl rekrea\u010dn\u00edho sportu<\/td><td>Bc. Karel Sur\u00fd<\/td><td>+420603772350<\/td><td>skp.vs@seznam.cz<\/td><td>nem\u00e1<\/td><\/tr><tr><td>odd\u00edl kulturistiky a fitness<\/td><td>Vojt\u011bch Dujka<\/td><td>+420603855090<\/td><td>prap.v.dujka@seznam.cz<\/td><td>nem\u00e1<\/td><\/tr><tr><td>odd\u00edl ledn\u00edho hokeje<\/td><td>Bc. Jan Pl\u00e1nka<\/td><td>+420603477010<\/td><td>jn.planka@seznam.cz<\/td><td>nem\u00e1<\/td><\/tr><tr><td>odd\u00edl atletiky<\/td><td>\u0160\u00e1rka Kleibl<\/td><td>+420604384779<\/td><td><\/td><td><a href=\"https:\/\/www.facebook.com\/akvse\">https:\/\/www.facebook.com\/akvse<\/a><\/td><\/tr><\/tbody><\/table><\/figure>\n\n\n\n<p><\/p>\n","protected":false},"excerpt":{"rendered":"<p>Hlavn\u00ed n\u00e1pln\u00ed Sportovn\u00edho klubu policie Vset\u00edn je zaji\u0161\u0165ov\u00e1n\u00ed sportovn\u00edch aktivit a rozvoj sportu policist\u016f, hasi\u010d\u016f a dal\u0161\u00edch sv\u00fdch \u010dlen\u016f na teritoriu okresu Vset\u00edn a pr\u00e1ce s ml\u00e1de\u017e\u00ed. Pod n\u00e1zvem Sportovn\u00ed klub policie Vset\u00edn byl spolek prvn\u011b zaregistrov\u00e1n u MV \u010cesk\u00e9 republiky ke dni 1.7.1991 jako pr\u00e1vn\u00ed pokra\u010dovatel p\u016fvodn\u00ed sportovn\u00ed organizace s n\u00e1zvem TJ Rud\u00e1 hv\u011bzda&hellip; <br \/> <a class=\"read-more\" href=\"https:\/\/skpvsetin.cz\/\">V\u00edce<\/a><\/p>\n","protected":false},"author":1,"featured_media":0,"parent":0,"menu_order":0,"comment_status":"closed","ping_status":"closed","template":"","meta":{"footnotes":""},"class_list":["post-301","page","type-page","status-publish","hentry"],"_links":{"self":[{"href":"https:\/\/skpvsetin.cz\/index.php?rest_route=\/wp\/v2\/pages\/301","targetHints":{"allow":["GET"]}}],"collection":[{"href":"https:\/\/skpvsetin.cz\/index.php?rest_route=\/wp\/v2\/pages"}],"about":[{"href":"https:\/\/skpvsetin.cz\/index.php?rest_route=\/wp\/v2\/types\/page"}],"author":[{"embeddable":true,"href":"https:\/\/skpvsetin.cz\/index.php?rest_route=\/wp\/v2\/users\/1"}],"replies":[{"embeddable":true,"href":"https:\/\/skpvsetin.cz\/index.php?rest_route=%2Fwp%2Fv2%2Fcomments&post=301"}],"version-history":[{"count":43,"href":"https:\/\/skpvsetin.cz\/index.php?rest_route=\/wp\/v2\/pages\/301\/revisions"}],"predecessor-version":[{"id":454,"href":"https:\/\/skpvsetin.cz\/index.php?rest_route=\/wp\/v2\/pages\/301\/revisions\/454"}],"wp:attachment":[{"href":"https:\/\/skpvsetin.cz\/index.php?rest_route=%2Fwp%2Fv2%2Fmedia&parent=301"}],"curies":[{"name":"wp","href":"https:\/\/api.w.org\/{rel}","templated":true}]}}